{"id":5870,"date":"2020-05-04T15:44:37","date_gmt":"2020-05-04T15:44:37","guid":{"rendered":"http:\/\/retrolampen.shop\/?page_id=5870"},"modified":"2021-02-08T20:11:18","modified_gmt":"2021-02-08T20:11:18","slug":"politika-zasebnosti","status":"publish","type":"page","link":"https:\/\/retrolampen.shop\/de\/datenschutz\/","title":{"rendered":"Datenschutz"},"content":{"rendered":"<div data-elementor-type=\"wp-page\" data-elementor-id=\"5870\" class=\"elementor elementor-5870\" data-elementor-settings=\"[]\">\n\t\t\t\t\t\t<div class=\"elementor-inner\">\n\t\t\t\t\t\t\t<div class=\"elementor-section-wrap\">\n\t\t\t\t\t\t\t<section class=\"elementor-section elementor-top-section elementor-element elementor-element-e48b50d elementor-section-boxed elementor-section-height-default elementor-section-height-default\" data-id=\"e48b50d\" data-element_type=\"section\">\n\t\t\t\t\t\t<div class=\"elementor-container elementor-column-gap-default\">\n\t\t\t\t\t\t\t<div class=\"elementor-row\">\n\t\t\t\t\t<div class=\"elementor-column elementor-col-100 elementor-top-column elementor-element elementor-element-3c339ee\" data-id=\"3c339ee\" data-element_type=\"column\">\n\t\t\t<div class=\"elementor-column-wrap elementor-element-populated\">\n\t\t\t\t\t\t\t<div class=\"elementor-widget-wrap\">\n\t\t\t\t\t\t<div class=\"elementor-element elementor-element-61931f7 elementor-widget elementor-widget-text-editor\" data-id=\"61931f7\" data-element_type=\"widget\" data-no-translation=\"\" data-widget_type=\"text-editor.default\">\n\t\t\t\t<div class=\"elementor-widget-container\">\n\t\t\t<style>.elementor-element-61931f7{display:none !important}<\/style>\t\t<\/div>\n\t\t\t\t<\/div>\n\t\t\t\t<div class=\"elementor-element elementor-element-36aa405 elementor-widget elementor-widget-text-editor\" data-id=\"36aa405\" data-element_type=\"widget\" data-no-translation=\"\" data-widget_type=\"text-editor.default\">\n\t\t\t\t<div class=\"elementor-widget-container\">\n\t\t\t\t\t<div class=\"elementor-text-editor elementor-clearfix\"><p><strong>Allgemeines<\/strong><\/p><p>Das Unternehmen verpflichtet sich, die Vertraulichkeit von personenbezogener Daten und die Privatsph\u00e4re von Besuchern des Onlineshops zu sch\u00fctzen. Die erhobenen personenbezogenen Daten werden seitens des Unternehmens ausschlie\u00dflich zur Erbringung von angebotenen Dienstleistungen benutzt. Das Unternehmen beachtet die Vertraulichkeit von personenbezogenen Daten und der Privatsph\u00e4re der Besucher des Onlineshops, deshalb wird es alles Erforderliche unternehmen, diese vor irgendwelchen Verletzungen und Missbr\u00e4uchen zu besch\u00fctzen. Die personenbezogenen Daten der Benutzer sind einer der Bereiche, f\u00fcr den das Unternehmen besondere Sorge tr\u00e4gt und dem es Aufmerksamkeit widmet, denn es ist sich der Sensibilit\u00e4t dieses Bereiches bewusst.<\/p><p>Die \u00dcbermittlung der personenbezogenen Benutzerdaten dem Unternehmen ist in bestimmten F\u00e4llen notwendig, damit der Auftragsverarbeiter als Anbieter seinen vertraglichen Pflichten gegen\u00fcber dem Benutzer nachkommen kann. Die Liste der Verarbeiter von den personenbezogenen Daten f\u00fcr das Unternehmen befindet sich\u00a0<u><a href=\"https:\/\/licilasicdn.s3.amazonaws.com\/public\/assets\/docs\/_si\/partnerji.pdf\">hier<\/a><\/u>.<\/p><p>Der Anbieter sch\u00fctzt die personenbezogenen Daten dauerhaft gem\u00e4\u00df dem slowenischen Gesetz \u00fcber den Schutz personenbezogener Daten (Amtsblatt der Republik Slowenien, Nr. 94\/07) (ZVOP-1), dem slowenischen Gesetz \u00fcber die elektronischen Kommunikationen (Amtsblatt der Republik Slowenien, Nr. 109\/12, 110\/13, 40\/14 \u2013 ZIN-B, 54\/14 \u2013 Entscheidung des VfGH, 81\/15 und 40\/17) sowie gem\u00e4\u00df der allgemeine Datenschutzverordnung (Engl. General Data Protection Regulation \u2013 GDPR).<\/p><p><strong>Verwendung von personenbezogenen Daten<\/strong><br \/>Seitens des Unternehmens werden zwecks der angebotenen Dienstleistungserbringung die folgenden personenbezogenen Benutzerdaten erhoben, erfasst, verarbeitet und gespeichert:<\/p><ul><li>Vor- und Familienname<\/li><li>Lieferadressen<\/li><li>Firma bzw. Bezeichnung der juristischen Person (wenn der Benutzer eine juristische Person ist)<\/li><li>Steuernummer der juristischen Person (wenn der Benutzer eine juristische Person ist)<\/li><li>E-Mail-Adressen (Benutzername)<\/li><li>Passwort in verschl\u00fcsselter Form<\/li><li>Telefonnummer<\/li><li>sonstige Daten, die der Benutzer freiwillig ins Formular des Onlineshops eingibt<\/li><li>sonstige Daten, die der Benutzer freiwillig nachtr\u00e4glich seinem Profil hinzuf\u00fcgt<\/li><\/ul><p>F\u00fcr die Richtigkeit, Vollst\u00e4ndigkeit und Aktualit\u00e4t der von den Benutzern eingegeben Daten \u00fcbernimmt das Unternehmen keinerlei Haftung.<br \/>Die Daten werden vom Anbieter nicht an Dritte weitergeleitet, ausgenommen die Auftragnehmer, mit denen der Anbieter einen Vertrag \u00fcber den Datenschutz abschloss und die vertr\u00e4glich zur Befolgung von denselben datenschutzrechtlichen Normen als der Anbieter verpflichtet sind.<br \/>Der Anbieter erhebt die personenbezogenen Daten unter ausdr\u00fccklicher Einwilligung bzw. Zustimmung der betroffenen Personen. Die Zustimmungen werden zusammen mit deren Inhalt und dem Formularinhalt aufbewahrt, mit denen die Daten eingeholt wurden.<br \/>Die personenbezogenen Datensammlungen werden seitens des Anbieters auf dem Hoheitsgebiet der Republik Slowenien aufbewahrt und werden nicht in Drittstaaten \u00fcbertragen.<\/p><p><strong>Zweck der Verwendung<\/strong><\/p><p>Pers\u00f6nliche Informationen, die \u00fcber <strong><a href=\"http:\/\/www.pinkpanda.de\/\">www.retrolampen.shop<\/a><\/strong> zum Zweck des Online-Kaufs erlangt werden, werden ausschlie\u00dflich f\u00fcr die Zwecke der Ausf\u00fchrung und Lieferung der Bestellung verwendet.<\/p><p>Mit Einwilligung zur Speicherung, Verarbeitung und \u00dcbermittlung von personenbezogenen Daten durch Teilnahme an Verlosung oder duch Abonnieren auf den Newsletter berechtigt der Benutzer das Unternehmen STONE d.o.o. zur Verarbeitung und Speicherung personenbezogener \u00fcbermittelten Daten gem\u00e4\u00df dem slowenischen Gesetz zum Schutz pers\u00f6nlicher Daten. Durch die gegebene Einwilligung erm\u00f6glicht der Benutzer dem Unternehmen STONE d.o.o. als Datenbank-Administrator die erhobenen personenbezogenen Daten zu bearbeiten, und zwar f\u00fcr die Zwecke der Probenahme, Umfragen und der statistischen Datenverarbeitung, um die Nutzung von Diensten zu bestimmen, Angebote und Segmentierung anzupaasen, zur Marktforschung, Informationsdienste, um \u00fcber Sonderangebote und Neuigkeiten zu benachrichtigen, um Nachrichten \u00fcber E-Mail, Telefon und anderen Werbematerialien zu senden, um den Benuzter \u00fcber die Dienste des Online-Zentrums\u00a0<strong><a href=\"https:\/\/www.pinkpanda.de\/\">http:\/\/www.retrolampen.shop\/<\/a><\/strong>, des Unternehmens STONE d.o.o. und verbundener Personen zu informieren, und f\u00fcr andere Anwendungen von \u00fcbermittelten Daten, mit denen der Benutzer zugestimmt hat. Die gesammelten Daten werden nicht an Dritte weitergegeben.<\/p><p>Das Unternehmen STONE d.o.o. kann die eingegebenen Daten f\u00fcr die eigenen Bed\u00fcrfnisse verarbeiten bis zum Widerruf der Zustimmung zur Entfernung von pers\u00f6nlichen Daten aus der Datenbank, ansonsten nur so lange, wie es notwendig ist, um den Zweck, f\u00fcr den die Daten gesammelt wurden, zu erreichen, dh. 10 Jahre f\u00fcr registrierte Benutzer der Website\u00a0<strong><a href=\"https:\/\/www.pinkpanda.de\/\">http:\/\/www.retrolampen.shop\/<\/a><\/strong>; 10 Monate f\u00fcr die Teilnehmer an der Verlosungen, 10 Jahre f\u00fcr die Gewinner von Gewinnspielen; bis zum Abmelden des Benutzers vom Newsletter, oder bis der Bediener mit seiner T\u00e4tigkeit auf dem Markt aufh\u00f6rt. Zum Zeitpunkt der Verwaltung von personenbezogenen Daten kann der Benuzter auf Anfrage die Daten in der Datenbank zu sehen und zu aktualisieren.<\/p><p><strong>Durchf\u00fchrung der Datenschutzpolitik<\/strong><\/p><p>Das Unternehmen regelt gem\u00e4\u00df dem slowenischen Gesetz \u00fcber den Schutz personenbezogener Daten den Datenschutz mit dem Regelwerk \u00fcber den Datenschutz.<br \/>Alle beim Unternehmen unbefristet oder Teilzeitbesch\u00e4ftigten, die Zugriff auf personenbezogene und sonstige Benutzerdaten haben, nahmen von den Bestimmungen des Regelwerks \u00fcber den Datenschutz und von der Schutzpflicht in Bezug auf die personenbezogenen und sonstigen Daten Kenntnis und haben diese Bestimmungen \u00fcber Vertraulichkeitsschutz von personenbezogenen Daten und von Privatsph\u00e4re der Besucher des Onlineshops zu beachten. Die Schutzpflicht in Bezug auf die personenbezogenen und sonstigen Daten gilt als unbefristet auch nach der Beendigung des Arbeitsverh\u00e4ltnisses beim Unternehmen.<\/p><p>Die angemeldeten Benutzer k\u00f6nnen jederzeit aufh\u00f6ren, den Onlineshop zu besuchen und ihre Anmeldung widerrufen. Dies tun sie, indem sie mit einer schriftlichen Erkl\u00e4rung den Widderruf der Anmeldung mitteilen. Vor der Erteilung der Erkl\u00e4rung \u00fcber den Widerruf der Anmeldung hat der Benutzer dem Unternehmen alle noch ausstehenden Verbindlichkeiten im Zusammenhang mit den get\u00e4tigten Eink\u00e4ufen im Onlineshop zu begleichen. Das Unternehmen sch\u00fctzt die Vertraulichkeit von personenbezogenen Daten und die Privatsph\u00e4re der Besucher des Onlineshops im Rahmen dieser Datenschutzpolitik auch im Falle des Widderrufes der Anmeldung.<\/p><p><strong>Personenbezogener Kinderdatenschutz<\/strong><\/p><p>Die Webespots werden klar ersichtlich (unter Ber\u00fccksichtigung des Alters) und klar von Spielen und Gewinnspielen getrennt. Jede f\u00fcr Kinder bestimmte Kommunikation ist f\u00fcr ihr Alter geeignet und wird die Leichtgl\u00e4ubigkeit der Kinder, ihren Erfahrungsmangel oder Loyalit\u00e4tsgef\u00fchl nicht ausnutzen. Der Anbieter darf keine Bestellungen oder Auftr\u00e4ge von jemandem entgegennehmen, In Bezug auf den ihm bekannt ist oder er annehmen kann, dass es sich um ein Kind handelt, ohne daf\u00fcr eine ausdr\u00fcckliche Zustimmung seiner Eltern oder Betreuer zu haben.<\/p><p>Der Anbieter darf ohne ausdr\u00fcckliche Zustimmung seiner Eltern oder Betreuer keinerlei personenbezogenen Kinderdaten entgegennehmen. Ebenso darf der Anbieter den Dritten keine entgegengenommenen Kinderdaten \u00fcbermitteln, ausgenommen die Eltern beziehungsweise Betreuer. Der Anbieter darf keinen freien Zugriff auf Erzeugnisse oder Dienstleistungen gew\u00e4hren, die f\u00fcr Kinder gef\u00e4hrlich oder sch\u00e4dlich sind.<\/p><p><strong>Mitteilungs- und L\u00f6schungsrecht<\/strong><\/p><p>Die haben das Recht auf Informationen \u00fcber ihre, und zur Verf\u00fcgung gestellten personenbezogenen Daten sowie auch auf L\u00f6schung dieser Daten. Bei Fragen bez\u00fcglich der L\u00f6schung, Ab\u00e4nderung oder Verwendung ihrer Daten, wenden Sie sich an:\u00a0info@retrolampen.shop\u00a0oder lassen Sie uns Ihren Antrag per Post zukommen.\u00a0<\/p><p><u>Mitteilungen \u00fcber den Bestellungsstatus<\/u>: Wie behalten und das Recht vor, Sie unter den Ihrerseits w\u00e4hrend des Bestellungsverfahrens eingetragenen Telefonnummer mit einer SMS dar\u00fcber zu informieren, wenn Ihre Bestellung versandt wird und ob die Artikel binnen 2 oder 5 Tagen nicht \u00fcbernommen wurden. Wurden die Artikel \u00fcber 5 Tage lang nicht \u00fcbernommen, so behalten wir uns das Recht vor, Sie unter der \u00fcbermittelten Telefonnummer als Mahnung zur \u00dcbernahme von Artikeln zu erreichen. Die K\u00e4ufer werden vom Bestellungsstatus auch per E-Mail in Kenntnis gesetzt.<\/p><p><u>Newsletter:<\/u>Nach dem Abonnieren des Newsletters werden Ihr Name, Telefonnummer und E-Mail mit Ihrer Zustimmung zu Werbezwecken verwendet werden, bis Sie sich vom Newsletter wieder abmelden. Den Newsletter abonnieren Sie nur, wenn bei der Bestellung das Sonderfeld abgehackt wird, das Ihnen den Erhalt des Newsletters erm\u00f6glicht.<\/p><p>Von der Datenbank der Newsletter-Empf\u00e4nger k\u00f6nnen Sie sich jederzeit abmelden, indem Sie eine E-Mail an\u00a0info@retrolampen.shop\u00a0senden oder den Link \u201eHier abmelden\u201c unten in Werbe-E-Mails anklicken.<\/p><p>Die betroffene Person, deren personenbezogenen Daten seitens des Anbieters erhoben, aufbewahrt und verarbeitet werden, hat in Bezug auf diese Daten folgende Rechte:<\/p><ul><li>Recht auf Vergessenwerden \u2013 m\u00f6chte die betroffene Person nicht mehr, ihre personenbezogenen Daten, die seitens des Auftragsverarbeiters aufbewahrt und verarbeitet werden, verarbeiten lassen und vorausgesetzt, es bestehen keine gesetzlichen Gr\u00fcnde f\u00fcr deren weitere Aufbewahrung, kann sie vom Auftragsverarbeiter jederzeit anfordern, ihre Daten zu l\u00f6schen.<\/li><li>Recht zu wissen, wie lange die personenbezogenen Daten aufbewahrt werden.<\/li><li>Recht auf die Anforderung einer Berichtigung, L\u00f6schung oder Einreichung einer Beschwerde.<\/li><li>Recht auf \u00dcbertragbarkeit \u2013 die betroffene Person kann auf eigenen Wunsch vom Auftragsverarbeiter anfordern, ihr ihre personenbezogenen Daten bereitzustellen, die er dem Verantwortlichen in strukturierter, allgemein verwendeter und maschinenlesbaren Form \u00fcbermittelte.<\/li><li>Recht auf Rechtsbehelf und Sanktionen \u2013 die betroffene Person ist berechtigt, bei der Aufsichtsbeh\u00f6rde eine Beschwerde einzulegen, ebenso hat sie das Recht auf Rechtsbehelf gegen die Entscheidung der Aufsichtsbeh\u00f6rde oder im Falle des Nichtt\u00e4tiggwerdens der Aufsichtsbeh\u00f6rde, das Recht auf Schadensersatz und Haftung.<\/li><li>Recht, kein Gegenstand der Ma\u00dfnahmen zu sein, die lediglich aus Profilerstellung, Analyse oder Voraussage mit automatisierten Verarbeitungsmitteln hervorgehen.<\/li><li>Recht auf Zustimmungswidderruf \u2013 die betroffene Person ist berechtigt, die Zustimmung f\u00fcr weiter Verarbeitung von personenbezogenen Daten zu widerrufen, insbesondere im Falle des Direktmarketings<\/li><\/ul><p><strong>Verfahren zur Geltendmachung von Rechten<\/strong><\/p><p>Ich wurde davon in Kenntnis gesetzt, alle vorstehend angef\u00fchrten Anforderungen in Bezug auf die Geltendmachung von Rechten im Zusammenhang mit personenbezogenen Daten in schriftlicher Form an den Verantwortlichen zu richten, und zwar an die E-Mail-Adresse\u00a0info@retrolampen.shop.<br \/>Ich wurde davon in Kenntnis gesetzt, dass der Verantwortliche zwecks der verl\u00e4sslicher Identifikation im Falle der Geltendmachung von Rechten im Zusammenhang mit personenbezogenen Daten von mir zus\u00e4tzliche Daten anfordern kann, die Ergreifung von Ma\u00dfnahmen kann er jedoch nur dann verweigern, wenn er nachweist, mich nicht verl\u00e4ssliche identifizieren zu k\u00f6nnen.<br \/>Ich wurde davon in Kenntnis gesetzt, dass der Verantwortliche meine Anforderung, mit der ich meine Rechte in Bezug auf die vorstehend genannten personenbezogenen Daten geltend mache, unverz\u00fcglich und sp\u00e4testens binnen einem Monat vom Erhalt der Anforderung zu beantworten hat.<\/p><p><strong>Das Unternehmen bewahrt die personenbezogenen Daten der betroffenen Person bis auf Widerruf der Zustimmung f\u00fcr die Aufbewahrung und Verarbeitung der Daten der betroffenen Person auf.<br \/><\/strong>Der Benutzer kann seine Zustimmung f\u00fcr den Erhalt von E-Mails widerrufen (was er mit einer schriftlichen Anforderung f\u00fcr den Anbieter an die E-Mail-Adresse\u00a0info@retrolampen.shop\u00a0tut) oder anfordern, dass das Unternehmen seine personenbezogenen Daten unverz\u00fcglich wirksam und dauerhaft l\u00f6scht, indem es vollkommen das Benutzerprofil beim Anbieter l\u00f6scht.<\/p><p><strong>Zus\u00e4tzlich<\/strong><\/p><p>Das Unternehmen ist gem\u00e4\u00df den datenschutzrechtlichen Vorschriften zum Schutz von personenbezogenen Daten der Besucher seines Onlineshops verpflichtet. Das Unternehmen wird keinesfalls ohne ausdr\u00fcckliche Zustimmung des Benutzers die personenbezogenen oder sonstigen Benutzerdaten den Dritten \u00fcbermitteln bzw. Dritten keine Einsicht in die personenbezogenen oder sonstigen Benutzerdaten gew\u00e4hren, sofern dies nicht seitens staatlicher Beh\u00f6rden angefordert wird, wenn eine solche Pflicht gesetzlich bestimmt wird oder im guten Glauben, dass solche Ma\u00dfnahmen f\u00fcr die Verfahren vor Gerichten oder sonstigen staatlichen Beh\u00f6rden und zum Schutz und zur Verfolgung von berechtigten Interessen des Unternehmens erforderlich sind.<\/p><p>Alle personenbezogenen und sonstigen Daten, die der Benutzer bei der Anmeldung im Onlineshop sowie auch bei der Bestellung von Erzeugnissen, einschlie\u00dflich des Bestellungsinhalts \u00fcbermittelt, werden gem\u00e4\u00df den datenschutzrechtlichen Vorschriften gesch\u00fctzt. Das Unternehmen wird diese Daten nicht zu Zwecken verwenden, die irgendwie dem Benutzer oder sonstigen Betroffenen schaden w\u00fcrden. Das Unternehmen wird die Benutzerdaten nicht zwecks der Verbreitung der Werbe-E-Mails oder sonstiger unerw\u00fcnschter Werbematerialien verwenden, ausgenommen diejenigen Werbemitteilungen, die der Benutzer abonniert bzw. denen er ausdr\u00fccklich zustimmt. Das Unternehmen kann die Daten in anonymisierten summierten Form zwecks der statistischen Analysen verwenden. Die Vertraulichkeit von personenbezogenen oder sonstigen Benutzerdaten wird in keinesfalls verletzt.<\/p><p>Dem Zustelldienst wird das Unternehmen nur die f\u00fcr die Zustellung der im Onlineshop gekauften Erzeugnissen erforderlichen Daten anvertrauen (Benutzerdaten, Zustelladresse, Telefonnummer f\u00fcr die Mitteilung \u00fcber die Zustellung des Pakets und\/oder f\u00fcr die Beseitigung von Schwierigkeiten bei der Zustellung und die E-Mail-Adresse f\u00fcr die Benachrichtigung \u00fcber den Zustellstatus des Pakets). Das Unternehmen nimmt mit dem Benutzer per E-Mail in Kontakt, sofern dies f\u00fcr die Durchf\u00fchrung des Einkaufs im Online-Shop erforderlich ist, \u00fcber die Telefonnummer jedoch nur, wenn beim Anmeldungs- und Einkaufsverfahren im Onlineshop Schwierigkeiten auftreten.<\/p><\/div>\n\t\t\t\t<\/div>\n\t\t\t\t<\/div>\n\t\t\t\t\t\t<\/div>\n\t\t\t\t\t<\/div>\n\t\t<\/div>\n\t\t\t\t\t\t\t\t<\/div>\n\t\t\t\t\t<\/div>\n\t\t<\/section>\n\t\t\t\t\t\t<\/div>\n\t\t\t\t\t\t<\/div>\n\t\t\t\t\t<\/div>","protected":false},"excerpt":{"rendered":"<p>Splo\u0161no Podjetje se zavezuje, da bo varovalo zaupnost osebnih podatkov in zasebnost uporabnikov spletne trgovine. Zbrane osebne podatke bo Podjetje uporabljalo izklju\u010dno za opravljanje storitev, ki jih ponuja. Podjetje spo\u0161tuje zaupnost osebnih podatkov in zasebnost uporabnikov spletne trgovine, zato bo storilo vse potrebno, da jih za\u0161\u010diti pred kakr\u0161nimikoli kr\u0161itvami in zlorabami. Osebni podatki uporabnikov so &hellip;<\/p>\n<p class=\"read-more\"> <a class=\"\" href=\"https:\/\/retrolampen.shop\/de\/datenschutz\/\"> <span class=\"screen-reader-text\">Datenschutz<\/span> Weiterlesen &raquo;<\/a><\/p>","protected":false},"author":1,"featured_media":0,"parent":0,"menu_order":0,"comment_status":"closed","ping_status":"closed","template":"","meta":[],"_links":{"self":[{"href":"https:\/\/retrolampen.shop\/de\/wp-json\/wp\/v2\/pages\/5870"}],"collection":[{"href":"https:\/\/retrolampen.shop\/de\/wp-json\/wp\/v2\/pages"}],"about":[{"href":"https:\/\/retrolampen.shop\/de\/wp-json\/wp\/v2\/types\/page"}],"author":[{"embeddable":true,"href":"https:\/\/retrolampen.shop\/de\/wp-json\/wp\/v2\/users\/1"}],"replies":[{"embeddable":true,"href":"https:\/\/retrolampen.shop\/de\/wp-json\/wp\/v2\/comments?post=5870"}],"version-history":[{"count":10,"href":"https:\/\/retrolampen.shop\/de\/wp-json\/wp\/v2\/pages\/5870\/revisions"}],"predecessor-version":[{"id":6271,"href":"https:\/\/retrolampen.shop\/de\/wp-json\/wp\/v2\/pages\/5870\/revisions\/6271"}],"wp:attachment":[{"href":"https:\/\/retrolampen.shop\/de\/wp-json\/wp\/v2\/media?parent=5870"}],"curies":[{"name":"wp","href":"https:\/\/api.w.org\/{rel}","templated":true}]}}