{"id":5876,"date":"2020-05-04T16:24:07","date_gmt":"2020-05-04T16:24:07","guid":{"rendered":"http:\/\/retrolampen.shop\/?page_id=5876"},"modified":"2020-06-02T10:05:47","modified_gmt":"2020-06-02T10:05:47","slug":"spletni-piskotki","status":"publish","type":"page","link":"https:\/\/retrolampen.shop\/de\/spletni-piskotki\/","title":{"rendered":"Cookies"},"content":{"rendered":"<div data-elementor-type=\"wp-page\" data-elementor-id=\"5876\" class=\"elementor elementor-5876\" data-elementor-settings=\"[]\">\n\t\t\t\t\t\t<div class=\"elementor-inner\">\n\t\t\t\t\t\t\t<div class=\"elementor-section-wrap\">\n\t\t\t\t\t\t\t<section class=\"elementor-section elementor-top-section elementor-element elementor-element-d83ad62 elementor-section-boxed elementor-section-height-default elementor-section-height-default\" data-id=\"d83ad62\" data-element_type=\"section\">\n\t\t\t\t\t\t<div class=\"elementor-container elementor-column-gap-default\">\n\t\t\t\t\t\t\t<div class=\"elementor-row\">\n\t\t\t\t\t<div class=\"elementor-column elementor-col-100 elementor-top-column elementor-element elementor-element-4568639\" data-id=\"4568639\" data-element_type=\"column\">\n\t\t\t<div class=\"elementor-column-wrap elementor-element-populated\">\n\t\t\t\t\t\t\t<div class=\"elementor-widget-wrap\">\n\t\t\t\t\t\t<div class=\"elementor-element elementor-element-83eef23 elementor-widget elementor-widget-text-editor\" data-id=\"83eef23\" data-element_type=\"widget\" data-widget_type=\"text-editor.default\">\n\t\t\t\t<div class=\"elementor-widget-container\">\n\t\t\t\t\t<div class=\"elementor-text-editor elementor-clearfix\"><p>Novi Zakon o elektronskih komunikacijah (Uradni list \u0161t. 109\/2012), ZEKom-1 je v pravni red prinesel nova pravila glede uporabe pi\u0161kotkov in podobnih tehnologij za shranjevanje informacij ali dostop do informacij, shranjenih na ra\u010dunalniku ali mobilni napravi uporabnika.<\/p><h3>1. O pi\u0161kotkih<\/h3><p>Pi\u0161kotki <strong>niso ni\u010d novega<\/strong>, vsi obiskovalci spletnih strani imamo na svojih ra\u010dunalnikih, tablicah, mobitelih shranjenih \u017ee veliko pi\u0161kotkov z razli\u010dnih spletnih strani. Novo je zgolj to, da z novo zakonodajo (ZEKom-1) prihaja do sprememb glede obve\u0161\u010danja oz. sogla\u0161anja obiskovalcev z njihovo uporabo.<\/p><h3>2. Kaj so pi\u0161kotki?<\/h3><p>So male besedilne datoteke, ki jih ve\u010dina spletnih mest shrani v naprave, s katerimi uporabniki dostopajo do interneta z namenom prepoznavanja posameznih naprav, ki so jih uporabniki uporabili pri dostopu. Njihovo shranjevanje je pod popolnim nadzorom brskalnika, ki ga ima uporabnik &#8211; ta lahko <strong>shranjevanje pi\u0161kotkov po \u017eelji omeji ali onemogo\u010di.<\/strong> Pi\u0161kotki <strong>niso \u0161kodljivi<\/strong> in so <strong>vedno \u010dasovno omejeni.<\/strong><\/p><h3>3. Zakaj so pi\u0161kotki potrebni?<\/h3><p>So temeljnega pomena <strong>za zagotavljanje uporabniku prijaznih spletnih storitev<\/strong>. Interakcija med spletnim uporabnikom in spletnim mestom je s pomo\u010djo pi\u0161kotkov hitrej\u0161a in enostavnej\u0161a. Z njihovo pomo\u010djo si spletno mesto zapomni posameznikove preference in izku\u0161nje, s tem je prihranjen \u010das, brskanje po spletnih mestih pa bolj u\u010dinkovito in prijazno.<\/p><p>Nekaj konkretnih primerov uporabe pi\u0161kotkov:<\/p><ul><li><strong>za bolj\u0161o uporabni\u0161ko izku\u0161njo<\/strong> spletne strani<\/li><li>obiskovalcem prilagodimo prikaz vsebine glede na pretekle obiske<\/li><li>za <strong>shranjevanje izbire<\/strong> pri ustvarjanju o\u017ejega izbora naprav in ponudbe ter njihove primerjave<\/li><li>na delih spletnih mestih, kjer je potrebna prijava, <strong>vas ohranimo prijavljene<\/strong><\/li><li>za prepoznavanje va\u0161e naprave (ra\u010dunalnik, tablica, mobitel), ki omogo\u010da <strong>prilagajanje prikaza vsebine va\u0161i napravi<\/strong><\/li><li>za<strong> spremljanje obiska<\/strong>, kar omogo\u010da preverjanje u\u010dinkovitosti prikaza vsebin in ustreznosti oglasov ter stalno izbolj\u0161avo spletnih strani<\/li><li><strong>za delovanje dolo\u010denih storitev so nujni<\/strong> (npr. spletne banke, spletne trgovine in druge oblike e-poslovanja, \u2026)<\/li><\/ul><h3>4. Onemogo\u010denje pi\u0161kotkov<\/h3><p>Vi odlo\u010dite, ali boste dovolili shranjevanje pi\u0161kotkov na va\u0161i napravi. Nastavitve za pi\u0161kotke lahko nadzirate in spreminjate v va\u0161em spletnem brskalniku.<\/p><p>Za informacije o nastavitvah za pi\u0161kotke izberite spletni brskalnik, ki ga uporabljate.<\/p><p><a href=\"https:\/\/support.google.com\/chrome\/answer\/95647?hl=sl-sl&amp;p=cpn_cookies\" target=\"_blank\" rel=\"noopener\">Chrome<\/a><\/p><p><a href=\"http:\/\/support.mozilla.org\/sl\/kb\/Kako%20aktivirate%20in%20deaktivirate%20pi%C5%A1kote\" target=\"_blank\" rel=\"noopener\">Firefox<\/a><\/p><p><a href=\"http:\/\/windows.microsoft.com\/sl-si\/windows7\/how-to-manage-cookies-in-internet-explorer-9\" target=\"_blank\" rel=\"noopener\">Interne Explorer 9<\/a><\/p><p><a href=\"http:\/\/windows.microsoft.com\/sl-si\/windows-vista\/block-or-allow-cookies\" target=\"_blank\" rel=\"noopener\">Internet Explorer 7 in 8<\/a><\/p><p><a href=\"http:\/\/www.opera.com\/help\/tutorials\/security\/cookies\/\" target=\"_blank\" rel=\"noopener\">Opera\u00a0<small>(stran v angle\u0161kem jeziku)<\/small><\/a><\/p><p><a href=\"http:\/\/support.apple.com\/kb\/PH11913\" target=\"_blank\" rel=\"noopener\">Safari\u00a0<small>(stran v angle\u0161kem jeziku)<\/small><\/a><\/p><p>\u010ce pi\u0161kotke izklju\u010dite, so lahko nekatere mo\u017enosti spletne strani onemogo\u010dene.<\/p><h3>5. Uporabljeni pi\u0161kotki<\/h3><p>Pi\u0161kotki na na\u0161ih straneh:<\/p><table><tbody><tr><td>Izdajatelj<\/td><td>Oznaka<\/td><td>Veljavnost<\/td><td>Namen<\/td><\/tr><tr><td>Google Analytics<\/td><td>_utma<\/td><td>730 dni<\/td><td>Statistika ogledov spletne strani<\/td><\/tr><tr><td>Google Analytics<\/td><td>_utma<\/td><td>30 min<\/td><td>Statistika ogledov spletne strani<\/td><\/tr><tr><td>Google Analytics<\/td><td>_utma<\/td><td>do zaprtja brskalnika<\/td><td>Statistika ogledov spletne strani<\/td><\/tr><tr><td>Google Analytics<\/td><td>_utma<\/td><td>182 dni<\/td><td>Statistika ogledov spletne strani<\/td><\/tr><\/tbody><\/table><\/div>\n\t\t\t\t<\/div>\n\t\t\t\t<\/div>\n\t\t\t\t\t\t<\/div>\n\t\t\t\t\t<\/div>\n\t\t<\/div>\n\t\t\t\t\t\t\t\t<\/div>\n\t\t\t\t\t<\/div>\n\t\t<\/section>\n\t\t\t\t\t\t<\/div>\n\t\t\t\t\t\t<\/div>\n\t\t\t\t\t<\/div>","protected":false},"excerpt":{"rendered":"<p>Novi Zakon o elektronskih komunikacijah (Uradni list \u0161t. 109\/2012), ZEKom-1 je v pravni red prinesel nova pravila glede uporabe pi\u0161kotkov in podobnih tehnologij za shranjevanje informacij ali dostop do informacij, shranjenih na ra\u010dunalniku ali mobilni napravi uporabnika. 1. O pi\u0161kotkih Pi\u0161kotki niso ni\u010d novega, vsi obiskovalci spletnih strani imamo na svojih ra\u010dunalnikih, tablicah, mobitelih shranjenih &hellip;<\/p>\n<p class=\"read-more\"> <a class=\"\" href=\"https:\/\/retrolampen.shop\/de\/spletni-piskotki\/\"> <span class=\"screen-reader-text\">Cookies<\/span> Weiterlesen &raquo;<\/a><\/p>","protected":false},"author":1,"featured_media":0,"parent":0,"menu_order":0,"comment_status":"closed","ping_status":"closed","template":"","meta":[],"_links":{"self":[{"href":"https:\/\/retrolampen.shop\/de\/wp-json\/wp\/v2\/pages\/5876"}],"collection":[{"href":"https:\/\/retrolampen.shop\/de\/wp-json\/wp\/v2\/pages"}],"about":[{"href":"https:\/\/retrolampen.shop\/de\/wp-json\/wp\/v2\/types\/page"}],"author":[{"embeddable":true,"href":"https:\/\/retrolampen.shop\/de\/wp-json\/wp\/v2\/users\/1"}],"replies":[{"embeddable":true,"href":"https:\/\/retrolampen.shop\/de\/wp-json\/wp\/v2\/comments?post=5876"}],"version-history":[{"count":3,"href":"https:\/\/retrolampen.shop\/de\/wp-json\/wp\/v2\/pages\/5876\/revisions"}],"predecessor-version":[{"id":5905,"href":"https:\/\/retrolampen.shop\/de\/wp-json\/wp\/v2\/pages\/5876\/revisions\/5905"}],"wp:attachment":[{"href":"https:\/\/retrolampen.shop\/de\/wp-json\/wp\/v2\/media?parent=5876"}],"curies":[{"name":"wp","href":"https:\/\/api.w.org\/{rel}","templated":true}]}}