{"id":6176,"date":"2020-12-06T20:57:47","date_gmt":"2020-12-06T20:57:47","guid":{"rendered":"https:\/\/retrolampen.shop\/?page_id=6176"},"modified":"2020-12-06T21:03:06","modified_gmt":"2020-12-06T21:03:06","slug":"razstavni-salon","status":"publish","type":"page","link":"https:\/\/retrolampen.shop\/de\/razstavni-salon\/","title":{"rendered":"Austellung"},"content":{"rendered":"<div data-elementor-type=\"wp-page\" data-elementor-id=\"6176\" class=\"elementor elementor-6176\" data-elementor-settings=\"[]\">\n\t\t\t\t\t\t<div class=\"elementor-inner\">\n\t\t\t\t\t\t\t<div class=\"elementor-section-wrap\">\n\t\t\t\t\t\t\t<section class=\"elementor-section elementor-top-section elementor-element elementor-element-2435283 elementor-section-boxed elementor-section-height-default elementor-section-height-default\" data-id=\"2435283\" data-element_type=\"section\">\n\t\t\t\t\t\t<div class=\"elementor-container elementor-column-gap-default\">\n\t\t\t\t\t\t\t<div class=\"elementor-row\">\n\t\t\t\t\t<div class=\"elementor-column elementor-col-25 elementor-top-column elementor-element elementor-element-9e7632b\" data-id=\"9e7632b\" data-element_type=\"column\">\n\t\t\t<div class=\"elementor-column-wrap\">\n\t\t\t\t\t\t\t<div class=\"elementor-widget-wrap\">\n\t\t\t\t\t\t\t\t<\/div>\n\t\t\t\t\t<\/div>\n\t\t<\/div>\n\t\t\t\t<div class=\"elementor-column elementor-col-50 elementor-top-column elementor-element elementor-element-f2e8e89\" data-id=\"f2e8e89\" data-element_type=\"column\">\n\t\t\t<div class=\"elementor-column-wrap elementor-element-populated\">\n\t\t\t\t\t\t\t<div class=\"elementor-widget-wrap\">\n\t\t\t\t\t\t<div class=\"elementor-element elementor-element-24e08e0 elementor-widget elementor-widget-heading\" data-id=\"24e08e0\" data-element_type=\"widget\" data-widget_type=\"heading.default\">\n\t\t\t\t<div class=\"elementor-widget-container\">\n\t\t\t<h1 class=\"elementor-heading-title elementor-size-default\">lampenausstellung<\/h1>\t\t<\/div>\n\t\t\t\t<\/div>\n\t\t\t\t<div class=\"elementor-element elementor-element-fc603ed elementor-widget elementor-widget-text-editor\" data-id=\"fc603ed\" data-element_type=\"widget\" data-widget_type=\"text-editor.default\">\n\t\t\t\t<div class=\"elementor-widget-container\">\n\t\t\t\t\t<div class=\"elementor-text-editor elementor-clearfix\"><p>Unser Lampenaustellung befindet sich auf Rupa 10 in Kranj, Slowenien. <br\/><br\/>\n\nDer Ausstellungsraum f\u00fcr Retro Lampen bietet nostalgische M\u00f6belkombinationen, erg\u00e4nzt durch originelles Dekor und Lampen aus der Zeit unserer Gro\u00dfm\u00fctter.<\/p><p class=\" translation-block\"><\/p><\/div>\n\t\t\t\t<\/div>\n\t\t\t\t<\/div>\n\t\t\t\t\t\t<\/div>\n\t\t\t\t\t<\/div>\n\t\t<\/div>\n\t\t\t\t<div class=\"elementor-column elementor-col-25 elementor-top-column elementor-element elementor-element-693cd40\" data-id=\"693cd40\" data-element_type=\"column\">\n\t\t\t<div class=\"elementor-column-wrap\">\n\t\t\t\t\t\t\t<div class=\"elementor-widget-wrap\">\n\t\t\t\t\t\t\t\t<\/div>\n\t\t\t\t\t<\/div>\n\t\t<\/div>\n\t\t\t\t\t\t\t\t<\/div>\n\t\t\t\t\t<\/div>\n\t\t<\/section>\n\t\t\t\t<section class=\"elementor-section elementor-top-section elementor-element elementor-element-e74a6d9 elementor-section-boxed elementor-section-height-default elementor-section-height-default\" data-id=\"e74a6d9\" data-element_type=\"section\">\n\t\t\t\t\t\t<div class=\"elementor-container elementor-column-gap-default\">\n\t\t\t\t\t\t\t<div class=\"elementor-row\">\n\t\t\t\t\t<div class=\"elementor-column elementor-col-100 elementor-top-column elementor-element elementor-element-c604ba7\" data-id=\"c604ba7\" data-element_type=\"column\">\n\t\t\t<div class=\"elementor-column-wrap elementor-element-populated\">\n\t\t\t\t\t\t\t<div class=\"elementor-widget-wrap\">\n\t\t\t\t\t\t<div class=\"elementor-element elementor-element-6dc9464 elementor-widget elementor-widget-image-gallery\" data-id=\"6dc9464\" data-element_type=\"widget\" data-widget_type=\"image-gallery.default\">\n\t\t\t\t<div class=\"elementor-widget-container\">\n\t\t\t\t\t<div class=\"elementor-image-gallery\">\n\t\t\t<div id='gallery-1' class='gallery galleryid-6176 gallery-columns-3 gallery-size-medium'><figure class='gallery-item'>\n\t\t\t<div class='gallery-icon landscape'>\n\t\t\t\t<a data-elementor-open-lightbox=\"yes\" data-elementor-lightbox-slideshow=\"6dc9464\" data-elementor-lightbox-title=\"nov-razstavni-salon-kranj\" href='https:\/\/retrolampen.shop\/wp-content\/uploads\/2020\/12\/nov-razstavni-salon-kranj.jpg'><img width=\"300\" height=\"200\" src=\"https:\/\/retrolampen.shop\/wp-content\/uploads\/2020\/12\/nov-razstavni-salon-kranj-300x200.jpg\" class=\"attachment-medium size-medium\" alt=\"\" loading=\"lazy\" srcset=\"https:\/\/retrolampen.shop\/wp-content\/uploads\/2020\/12\/nov-razstavni-salon-kranj-300x200.jpg 300w, https:\/\/retrolampen.shop\/wp-content\/uploads\/2020\/12\/nov-razstavni-salon-kranj-768x512.jpg 768w, https:\/\/retrolampen.shop\/wp-content\/uploads\/2020\/12\/nov-razstavni-salon-kranj-600x400.jpg 600w, https:\/\/retrolampen.shop\/wp-content\/uploads\/2020\/12\/nov-razstavni-salon-kranj-800x534.jpg 800w, https:\/\/retrolampen.shop\/wp-content\/uploads\/2020\/12\/nov-razstavni-salon-kranj.jpg 1000w\" sizes=\"(max-width: 300px) 100vw, 300px\" \/><\/a>\n\t\t\t<\/div><\/figure><figure class='gallery-item'>\n\t\t\t<div class='gallery-icon landscape'>\n\t\t\t\t<a data-elementor-open-lightbox=\"yes\" data-elementor-lightbox-slideshow=\"6dc9464\" data-elementor-lightbox-title=\"nov-razstavni-salon-kranj-4\" href='https:\/\/retrolampen.shop\/wp-content\/uploads\/2020\/12\/nov-razstavni-salon-kranj-4.jpg'><img width=\"300\" height=\"200\" src=\"https:\/\/retrolampen.shop\/wp-content\/uploads\/2020\/12\/nov-razstavni-salon-kranj-4-300x200.jpg\" class=\"attachment-medium size-medium\" alt=\"\" loading=\"lazy\" srcset=\"https:\/\/retrolampen.shop\/wp-content\/uploads\/2020\/12\/nov-razstavni-salon-kranj-4-300x200.jpg 300w, https:\/\/retrolampen.shop\/wp-content\/uploads\/2020\/12\/nov-razstavni-salon-kranj-4-768x512.jpg 768w, https:\/\/retrolampen.shop\/wp-content\/uploads\/2020\/12\/nov-razstavni-salon-kranj-4-600x400.jpg 600w, https:\/\/retrolampen.shop\/wp-content\/uploads\/2020\/12\/nov-razstavni-salon-kranj-4-800x534.jpg 800w, https:\/\/retrolampen.shop\/wp-content\/uploads\/2020\/12\/nov-razstavni-salon-kranj-4.jpg 1000w\" sizes=\"(max-width: 300px) 100vw, 300px\" \/><\/a>\n\t\t\t<\/div><\/figure><figure class='gallery-item'>\n\t\t\t<div class='gallery-icon landscape'>\n\t\t\t\t<a data-elementor-open-lightbox=\"yes\" data-elementor-lightbox-slideshow=\"6dc9464\" data-elementor-lightbox-title=\"nov-razstavni-salon-kranj-8\" href='https:\/\/retrolampen.shop\/wp-content\/uploads\/2020\/12\/nov-razstavni-salon-kranj-8.jpg'><img width=\"300\" height=\"200\" src=\"https:\/\/retrolampen.shop\/wp-content\/uploads\/2020\/12\/nov-razstavni-salon-kranj-8-300x200.jpg\" class=\"attachment-medium size-medium\" alt=\"\" loading=\"lazy\" srcset=\"https:\/\/retrolampen.shop\/wp-content\/uploads\/2020\/12\/nov-razstavni-salon-kranj-8-300x200.jpg 300w, https:\/\/retrolampen.shop\/wp-content\/uploads\/2020\/12\/nov-razstavni-salon-kranj-8-768x512.jpg 768w, https:\/\/retrolampen.shop\/wp-content\/uploads\/2020\/12\/nov-razstavni-salon-kranj-8-600x400.jpg 600w, https:\/\/retrolampen.shop\/wp-content\/uploads\/2020\/12\/nov-razstavni-salon-kranj-8-800x534.jpg 800w, https:\/\/retrolampen.shop\/wp-content\/uploads\/2020\/12\/nov-razstavni-salon-kranj-8.jpg 1000w\" sizes=\"(max-width: 300px) 100vw, 300px\" \/><\/a>\n\t\t\t<\/div><\/figure><figure class='gallery-item'>\n\t\t\t<div class='gallery-icon landscape'>\n\t\t\t\t<a data-elementor-open-lightbox=\"yes\" data-elementor-lightbox-slideshow=\"6dc9464\" data-elementor-lightbox-title=\"nov-razstavni-salon-kranj-7\" href='https:\/\/retrolampen.shop\/wp-content\/uploads\/2020\/12\/nov-razstavni-salon-kranj-7.jpg'><img width=\"300\" height=\"200\" src=\"https:\/\/retrolampen.shop\/wp-content\/uploads\/2020\/12\/nov-razstavni-salon-kranj-7-300x200.jpg\" class=\"attachment-medium size-medium\" alt=\"\" loading=\"lazy\" srcset=\"https:\/\/retrolampen.shop\/wp-content\/uploads\/2020\/12\/nov-razstavni-salon-kranj-7-300x200.jpg 300w, https:\/\/retrolampen.shop\/wp-content\/uploads\/2020\/12\/nov-razstavni-salon-kranj-7-768x512.jpg 768w, https:\/\/retrolampen.shop\/wp-content\/uploads\/2020\/12\/nov-razstavni-salon-kranj-7-600x400.jpg 600w, https:\/\/retrolampen.shop\/wp-content\/uploads\/2020\/12\/nov-razstavni-salon-kranj-7-800x534.jpg 800w, https:\/\/retrolampen.shop\/wp-content\/uploads\/2020\/12\/nov-razstavni-salon-kranj-7.jpg 1000w\" sizes=\"(max-width: 300px) 100vw, 300px\" \/><\/a>\n\t\t\t<\/div><\/figure><figure class='gallery-item'>\n\t\t\t<div class='gallery-icon landscape'>\n\t\t\t\t<a data-elementor-open-lightbox=\"yes\" data-elementor-lightbox-slideshow=\"6dc9464\" data-elementor-lightbox-title=\"nov-razstavni-salon-kranj-2\" href='https:\/\/retrolampen.shop\/wp-content\/uploads\/2020\/12\/nov-razstavni-salon-kranj-2.jpg'><img width=\"300\" height=\"200\" src=\"https:\/\/retrolampen.shop\/wp-content\/uploads\/2020\/12\/nov-razstavni-salon-kranj-2-300x200.jpg\" class=\"attachment-medium size-medium\" alt=\"\" loading=\"lazy\" srcset=\"https:\/\/retrolampen.shop\/wp-content\/uploads\/2020\/12\/nov-razstavni-salon-kranj-2-300x200.jpg 300w, https:\/\/retrolampen.shop\/wp-content\/uploads\/2020\/12\/nov-razstavni-salon-kranj-2-768x512.jpg 768w, https:\/\/retrolampen.shop\/wp-content\/uploads\/2020\/12\/nov-razstavni-salon-kranj-2-600x400.jpg 600w, https:\/\/retrolampen.shop\/wp-content\/uploads\/2020\/12\/nov-razstavni-salon-kranj-2-800x534.jpg 800w, https:\/\/retrolampen.shop\/wp-content\/uploads\/2020\/12\/nov-razstavni-salon-kranj-2.jpg 1000w\" sizes=\"(max-width: 300px) 100vw, 300px\" \/><\/a>\n\t\t\t<\/div><\/figure><figure class='gallery-item'>\n\t\t\t<div class='gallery-icon landscape'>\n\t\t\t\t<a data-elementor-open-lightbox=\"yes\" data-elementor-lightbox-slideshow=\"6dc9464\" data-elementor-lightbox-title=\"nov-razstavni-salon-kranj-3\" href='https:\/\/retrolampen.shop\/wp-content\/uploads\/2020\/12\/nov-razstavni-salon-kranj-3.jpg'><img width=\"300\" height=\"200\" src=\"https:\/\/retrolampen.shop\/wp-content\/uploads\/2020\/12\/nov-razstavni-salon-kranj-3-300x200.jpg\" class=\"attachment-medium size-medium\" alt=\"\" loading=\"lazy\" srcset=\"https:\/\/retrolampen.shop\/wp-content\/uploads\/2020\/12\/nov-razstavni-salon-kranj-3-300x200.jpg 300w, https:\/\/retrolampen.shop\/wp-content\/uploads\/2020\/12\/nov-razstavni-salon-kranj-3-768x512.jpg 768w, https:\/\/retrolampen.shop\/wp-content\/uploads\/2020\/12\/nov-razstavni-salon-kranj-3-600x400.jpg 600w, https:\/\/retrolampen.shop\/wp-content\/uploads\/2020\/12\/nov-razstavni-salon-kranj-3-800x534.jpg 800w, https:\/\/retrolampen.shop\/wp-content\/uploads\/2020\/12\/nov-razstavni-salon-kranj-3.jpg 1000w\" sizes=\"(max-width: 300px) 100vw, 300px\" \/><\/a>\n\t\t\t<\/div><\/figure><figure class='gallery-item'>\n\t\t\t<div class='gallery-icon landscape'>\n\t\t\t\t<a data-elementor-open-lightbox=\"yes\" data-elementor-lightbox-slideshow=\"6dc9464\" data-elementor-lightbox-title=\"nov-razstavni-salon-kranj-5\" href='https:\/\/retrolampen.shop\/wp-content\/uploads\/2020\/12\/nov-razstavni-salon-kranj-5.jpg'><img width=\"300\" height=\"200\" src=\"https:\/\/retrolampen.shop\/wp-content\/uploads\/2020\/12\/nov-razstavni-salon-kranj-5-300x200.jpg\" class=\"attachment-medium size-medium\" alt=\"\" loading=\"lazy\" srcset=\"https:\/\/retrolampen.shop\/wp-content\/uploads\/2020\/12\/nov-razstavni-salon-kranj-5-300x200.jpg 300w, https:\/\/retrolampen.shop\/wp-content\/uploads\/2020\/12\/nov-razstavni-salon-kranj-5-768x512.jpg 768w, https:\/\/retrolampen.shop\/wp-content\/uploads\/2020\/12\/nov-razstavni-salon-kranj-5-600x400.jpg 600w, https:\/\/retrolampen.shop\/wp-content\/uploads\/2020\/12\/nov-razstavni-salon-kranj-5-800x534.jpg 800w, https:\/\/retrolampen.shop\/wp-content\/uploads\/2020\/12\/nov-razstavni-salon-kranj-5.jpg 1000w\" sizes=\"(max-width: 300px) 100vw, 300px\" \/><\/a>\n\t\t\t<\/div><\/figure><figure class='gallery-item'>\n\t\t\t<div class='gallery-icon landscape'>\n\t\t\t\t<a data-elementor-open-lightbox=\"yes\" data-elementor-lightbox-slideshow=\"6dc9464\" data-elementor-lightbox-title=\"nov-razstavni-salon-kranj-6\" href='https:\/\/retrolampen.shop\/wp-content\/uploads\/2020\/12\/nov-razstavni-salon-kranj-6.jpg'><img width=\"300\" height=\"200\" src=\"https:\/\/retrolampen.shop\/wp-content\/uploads\/2020\/12\/nov-razstavni-salon-kranj-6-300x200.jpg\" class=\"attachment-medium size-medium\" alt=\"\" loading=\"lazy\" srcset=\"https:\/\/retrolampen.shop\/wp-content\/uploads\/2020\/12\/nov-razstavni-salon-kranj-6-300x200.jpg 300w, https:\/\/retrolampen.shop\/wp-content\/uploads\/2020\/12\/nov-razstavni-salon-kranj-6-768x512.jpg 768w, https:\/\/retrolampen.shop\/wp-content\/uploads\/2020\/12\/nov-razstavni-salon-kranj-6-600x400.jpg 600w, https:\/\/retrolampen.shop\/wp-content\/uploads\/2020\/12\/nov-razstavni-salon-kranj-6-800x534.jpg 800w, https:\/\/retrolampen.shop\/wp-content\/uploads\/2020\/12\/nov-razstavni-salon-kranj-6.jpg 1000w\" sizes=\"(max-width: 300px) 100vw, 300px\" \/><\/a>\n\t\t\t<\/div><\/figure><figure class='gallery-item'>\n\t\t\t<div class='gallery-icon landscape'>\n\t\t\t\t<a data-elementor-open-lightbox=\"yes\" data-elementor-lightbox-slideshow=\"6dc9464\" data-elementor-lightbox-title=\"nov-razstavni-salon-kranj-1\" href='https:\/\/retrolampen.shop\/wp-content\/uploads\/2020\/12\/nov-razstavni-salon-kranj-1.jpg'><img width=\"300\" height=\"200\" src=\"https:\/\/retrolampen.shop\/wp-content\/uploads\/2020\/12\/nov-razstavni-salon-kranj-1-300x200.jpg\" class=\"attachment-medium size-medium\" alt=\"\" loading=\"lazy\" srcset=\"https:\/\/retrolampen.shop\/wp-content\/uploads\/2020\/12\/nov-razstavni-salon-kranj-1-300x200.jpg 300w, https:\/\/retrolampen.shop\/wp-content\/uploads\/2020\/12\/nov-razstavni-salon-kranj-1-768x512.jpg 768w, https:\/\/retrolampen.shop\/wp-content\/uploads\/2020\/12\/nov-razstavni-salon-kranj-1-600x400.jpg 600w, https:\/\/retrolampen.shop\/wp-content\/uploads\/2020\/12\/nov-razstavni-salon-kranj-1-800x534.jpg 800w, https:\/\/retrolampen.shop\/wp-content\/uploads\/2020\/12\/nov-razstavni-salon-kranj-1.jpg 1000w\" sizes=\"(max-width: 300px) 100vw, 300px\" \/><\/a>\n\t\t\t<\/div><\/figure>\n\t\t<\/div>\n\t\t<\/div>\n\t\t\t\t<\/div>\n\t\t\t\t<\/div>\n\t\t\t\t\t\t<\/div>\n\t\t\t\t\t<\/div>\n\t\t<\/div>\n\t\t\t\t\t\t\t\t<\/div>\n\t\t\t\t\t<\/div>\n\t\t<\/section>\n\t\t\t\t\t\t<\/div>\n\t\t\t\t\t\t<\/div>\n\t\t\t\t\t<\/div>","protected":false},"excerpt":{"rendered":"<p>RAZSTAVNI SALON SVETIL Na\u0161 razstavni salon se nahaja na naslovu Rupa 10 v Kranju. Razstavni salon starinskih svetil\u00a0ponuja nostalgi\u010dne kombinacije pohi\u0161tva, dopolnjene z izvirnim dekorjem in svetili iz \u010dasov na\u0161ih babic. Spodnje nadstropje salona imamo opremljeno z lu\u010dmi po naro\u010dilu, ki so tudi del na\u0161e ponudbe. Katalog svetil po naro\u010dilu se nahaja na tej povezavi.<\/p>","protected":false},"author":1,"featured_media":0,"parent":0,"menu_order":0,"comment_status":"closed","ping_status":"closed","template":"","meta":[],"_links":{"self":[{"href":"https:\/\/retrolampen.shop\/de\/wp-json\/wp\/v2\/pages\/6176"}],"collection":[{"href":"https:\/\/retrolampen.shop\/de\/wp-json\/wp\/v2\/pages"}],"about":[{"href":"https:\/\/retrolampen.shop\/de\/wp-json\/wp\/v2\/types\/page"}],"author":[{"embeddable":true,"href":"https:\/\/retrolampen.shop\/de\/wp-json\/wp\/v2\/users\/1"}],"replies":[{"embeddable":true,"href":"https:\/\/retrolampen.shop\/de\/wp-json\/wp\/v2\/comments?post=6176"}],"version-history":[{"count":3,"href":"https:\/\/retrolampen.shop\/de\/wp-json\/wp\/v2\/pages\/6176\/revisions"}],"predecessor-version":[{"id":6188,"href":"https:\/\/retrolampen.shop\/de\/wp-json\/wp\/v2\/pages\/6176\/revisions\/6188"}],"wp:attachment":[{"href":"https:\/\/retrolampen.shop\/de\/wp-json\/wp\/v2\/media?parent=6176"}],"curies":[{"name":"wp","href":"https:\/\/api.w.org\/{rel}","templated":true}]}}