{"id":3937,"date":"2015-05-31T10:06:57","date_gmt":"2015-05-31T10:06:57","guid":{"rendered":"https:\/\/arm-design.si\/projekti\/klemen\/Wordpress-Blank\/product\/luc-stropna-kovina-dvojna\/"},"modified":"2025-08-17T11:04:41","modified_gmt":"2025-08-17T11:04:41","slug":"luc-stropna-kovina-dvojna","status":"publish","type":"product","link":"https:\/\/retrolampen.shop\/de\/product\/luc-stropna-kovina-dvojna\/","title":{"rendered":"Retro Vintage H\u00e4ngeleucht H\u00e4ngelampe aus Messing nr. 0010"},"content":{"rendered":"","protected":false},"excerpt":{"rendered":"<p>Retro Vintage H\u00e4ngeleucht H\u00e4ngelampe aus Messing nr. 0010<\/p>\n<p>Vi\u0161ina: 99 cm<\/p>\n<p>Dol\u017eina: 100 cm<\/p>\n<p>Te\u017ea: 2,7 kg<\/p>\n<p>Fi zaslona: 35 cm<\/p>\n<p>Rozeta: 11 cm<\/p>\n<p>Navoj: E27<\/p>","protected":false},"featured_media":3938,"template":"","meta":[],"_links":{"self":[{"href":"https:\/\/retrolampen.shop\/de\/wp-json\/wp\/v2\/product\/3937"}],"collection":[{"href":"https:\/\/retrolampen.shop\/de\/wp-json\/wp\/v2\/product"}],"about":[{"href":"https:\/\/retrolampen.shop\/de\/wp-json\/wp\/v2\/types\/product"}],"wp:featuredmedia":[{"embeddable":true,"href":"https:\/\/retrolampen.shop\/de\/wp-json\/wp\/v2\/media\/3938"}],"wp:attachment":[{"href":"https:\/\/retrolampen.shop\/de\/wp-json\/wp\/v2\/media?parent=3937"}],"curies":[{"name":"wp","href":"https:\/\/api.w.org\/{rel}","templated":true}]}}