{"id":3950,"date":"2015-05-31T10:18:23","date_gmt":"2015-05-31T10:18:23","guid":{"rendered":"https:\/\/arm-design.si\/projekti\/klemen\/Wordpress-Blank\/product\/luc-stropna-medenina-fi-30\/"},"modified":"2025-08-17T11:04:41","modified_gmt":"2025-08-17T11:04:41","slug":"luc-stropna-medenina-fi-30","status":"publish","type":"product","link":"https:\/\/retrolampen.shop\/de\/product\/luc-stropna-medenina-fi-30\/","title":{"rendered":"Retro H\u00e4ngeleucht H\u00e4ngelampe aus Messing nr. 0012"},"content":{"rendered":"","protected":false},"excerpt":{"rendered":"<p>Retro H\u00e4ngeleucht H\u00e4ngelampe aus Messing nr. 0012<\/p>\n<p>Vi\u0161ina: 100\u00a0cm<\/p>\n<p>Te\u017ea: 1,5 kg<\/p>\n<p>Fi zaslona: 30\u00a0cm<\/p>\n<p>Rozeta: 11 cm<\/p>\n<p>Navoj: E27<\/p>","protected":false},"featured_media":3951,"template":"","meta":[],"_links":{"self":[{"href":"https:\/\/retrolampen.shop\/de\/wp-json\/wp\/v2\/product\/3950"}],"collection":[{"href":"https:\/\/retrolampen.shop\/de\/wp-json\/wp\/v2\/product"}],"about":[{"href":"https:\/\/retrolampen.shop\/de\/wp-json\/wp\/v2\/types\/product"}],"wp:featuredmedia":[{"embeddable":true,"href":"https:\/\/retrolampen.shop\/de\/wp-json\/wp\/v2\/media\/3951"}],"wp:attachment":[{"href":"https:\/\/retrolampen.shop\/de\/wp-json\/wp\/v2\/media?parent=3950"}],"curies":[{"name":"wp","href":"https:\/\/api.w.org\/{rel}","templated":true}]}}